{"id":42,"date":"2018-12-20T16:01:41","date_gmt":"2018-12-20T18:01:41","guid":{"rendered":"http:\/\/autocarmulti.com.br\/?page_id=42"},"modified":"2021-03-04T13:05:05","modified_gmt":"2021-03-04T16:05:05","slug":"contato","status":"publish","type":"page","link":"https:\/\/autocarmulti.com.br\/index.php\/contato\/","title":{"rendered":"Contato"},"content":{"rendered":"<pre style=\"text-align: center\"><strong>Endere\u00e7o<\/strong><\/pre>\n<p style=\"text-align: center\">Loja 1: Rua Regente Feij\u00f3, 21 Vila Arens e Vila Progresso &#8211; Jundia\u00ed\/SP<br \/>\nCEP: 13202-620<\/p>\n<pre style=\"text-align: center\"><strong>Hor\u00e1rio de Funcionamento<\/strong><\/pre>\n<p style=\"text-align: center\"><strong>Segunda a sexta:<\/strong> 09:00h \u00e0s 18:00h<br \/>\n<strong>S\u00e1bados:<\/strong> 09:00h \u00e0s 13:00h<\/p>\n<pre style=\"text-align: center\"><strong>Telefones<\/strong><\/pre>\n<p style=\"text-align: center\">(11) 2709-7001<br \/>\n(11) 99821-9310<br \/>\n(11) 97370-9676<\/p>\n<p style=\"text-align: center\">\n<fieldset><label for=\"data[118f8c2][name]\"><br \/>\nNome * <\/label><\/fieldset>\n<fieldset><label for=\"data[118f8c2][email]\"><br \/>\nE-mail * <\/label><\/fieldset>\n<fieldset><label for=\"data[118f8c2][phone]\"><br \/>\nTelefone <\/label><\/fieldset>\n<fieldset><label for=\"data[118f8c2][cidade]\"><br \/>\nCidade * <\/label><\/fieldset>\n<fieldset><label for=\"data[118f8c2][message]\"><br \/>\nMensagem * <\/label><br \/>\n<textarea id=\"data[118f8c2][message]\" cols=\"30\" name=\"data[118f8c2][message]\" rows=\"5\"><\/textarea><\/fieldset>\n<fieldset><button name=\"submit\" type=\"submit\" value=\"submit-contact-118f8c2\"><br \/>\nEnviar <\/button><\/fieldset>\n","protected":false},"excerpt":{"rendered":"<p>Endere\u00e7o Loja 1: Rua Regente Feij\u00f3, 21 Vila Arens e Vila Progresso &#8211; Jundia\u00ed\/SP CEP: 13202-620 Hor\u00e1rio de Funcionamento Segunda a sexta: 09:00h \u00e0s 18:00h S\u00e1bados: 09:00h \u00e0s 13:00h Telefones (11) 2709-7001 (11) 99821-9310 (11) 97370-9676 Nome * E-mail * Telefone Cidade * Mensagem * Enviar<\/p>\n","protected":false},"author":1,"featured_media":0,"parent":0,"menu_order":0,"comment_status":"closed","ping_status":"closed","template":"","meta":{"footnotes":""},"_links":{"self":[{"href":"https:\/\/autocarmulti.com.br\/index.php\/wp-json\/wp\/v2\/pages\/42"}],"collection":[{"href":"https:\/\/autocarmulti.com.br\/index.php\/wp-json\/wp\/v2\/pages"}],"about":[{"href":"https:\/\/autocarmulti.com.br\/index.php\/wp-json\/wp\/v2\/types\/page"}],"author":[{"embeddable":true,"href":"https:\/\/autocarmulti.com.br\/index.php\/wp-json\/wp\/v2\/users\/1"}],"replies":[{"embeddable":true,"href":"https:\/\/autocarmulti.com.br\/index.php\/wp-json\/wp\/v2\/comments?post=42"}],"version-history":[{"count":12,"href":"https:\/\/autocarmulti.com.br\/index.php\/wp-json\/wp\/v2\/pages\/42\/revisions"}],"predecessor-version":[{"id":1056,"href":"https:\/\/autocarmulti.com.br\/index.php\/wp-json\/wp\/v2\/pages\/42\/revisions\/1056"}],"wp:attachment":[{"href":"https:\/\/autocarmulti.com.br\/index.php\/wp-json\/wp\/v2\/media?parent=42"}],"curies":[{"name":"wp","href":"https:\/\/api.w.org\/{rel}","templated":true}]}}