{"id":44,"date":"2018-12-20T16:02:58","date_gmt":"2018-12-20T18:02:58","guid":{"rendered":"http:\/\/autocarmulti.com.br\/?page_id=44"},"modified":"2018-12-26T12:46:21","modified_gmt":"2018-12-26T14:46:21","slug":"sobre-nos","status":"publish","type":"page","link":"https:\/\/autocarmulti.com.br\/index.php\/sobre-nos\/","title":{"rendered":"Sobre N\u00f3s"},"content":{"rendered":"\t\t<div class=\"elementor elementor-44\">\n\t\t\t<div class=\"elementor-inner\">\n\t\t\t\t<div class=\"elementor-section-wrap\">\n\t\t\t\t\t\t\t<section data-id=\"755bc636\" class=\"elementor-element elementor-element-755bc636 elementor-section-full_width elementor-section-height-min-height elementor-section-height-default elementor-section-items-middle elementor-section elementor-top-section\" data-element_type=\"section\">\n\t\t\t\t\t\t<div class=\"elementor-container elementor-column-gap-no\">\n\t\t\t\t<div class=\"elementor-row\">\n\t\t\t\t<div data-id=\"319299ac\" class=\"elementor-element elementor-element-319299ac elementor-column elementor-col-100 elementor-top-column\" data-element_type=\"column\">\n\t\t\t<div class=\"elementor-column-wrap elementor-element-populated\">\n\t\t\t\t\t<div class=\"elementor-widget-wrap\">\n\t\t\t\t<div data-id=\"651cccb8\" class=\"elementor-element elementor-element-651cccb8 elementor-widget elementor-widget-text-editor\" data-element_type=\"text-editor.default\">\n\t\t\t\t<div class=\"elementor-widget-container\">\n\t\t\t\t\t<div class=\"elementor-text-editor elementor-clearfix\"><h3><span style=\"color: #000000;\"><strong>Miss\u00e3o<\/strong><\/span><\/h3>\n<h3><span style=\"color: #000000;\">Fornecer ve\u00edculos com pre\u00e7os \u00f3timos e de boa proced\u00eancia.<\/span><br \/><br \/><span style=\"color: #000000;\"><strong>Vis\u00e3o<\/strong><\/span><\/h3>\n<h3><span style=\"color: #000000;\">Tornar-se referencia em compra e venda de ve\u00edculos, tornando-se conhecida pela agilidade e transpar\u00eancia nas negocia\u00e7\u00f5es.<\/span><\/h3>\n<h3><span style=\"color: #000000;\"><strong>Valores<\/strong><\/span><\/h3>\n<h3><span style=\"color: #000000;\">Honestidade, \u00e9tica e profissionalismo.<\/span><\/h3><\/div>\n\t\t\t\t<\/div>\n\t\t\t\t<\/div>\n\t\t\t\t\t\t<\/div>\n\t\t\t<\/div>\n\t\t<\/div>\n\t\t\t\t\t\t<\/div>\n\t\t\t<\/div>\n\t\t<\/section>\n\t\t\t\t<section data-id=\"7a10082\" class=\"elementor-element elementor-element-7a10082 elementor-section-boxed elementor-section-height-default elementor-section-height-default elementor-section elementor-top-section\" data-element_type=\"section\">\n\t\t\t\t\t\t<div class=\"elementor-container elementor-column-gap-default\">\n\t\t\t\t<div class=\"elementor-row\">\n\t\t\t\t<div data-id=\"a22cfa7\" class=\"elementor-element elementor-element-a22cfa7 elementor-column elementor-col-100 elementor-top-column\" data-element_type=\"column\">\n\t\t\t<div class=\"elementor-column-wrap\">\n\t\t\t\t\t<div class=\"elementor-widget-wrap\">\n\t\t\t\t\t\t<\/div>\n\t\t\t<\/div>\n\t\t<\/div>\n\t\t\t\t\t\t<\/div>\n\t\t\t<\/div>\n\t\t<\/section>\n\t\t\t\t\t\t<\/div>\n\t\t\t<\/div>\n\t\t<\/div>\n\t\t","protected":false},"excerpt":{"rendered":"<p>Miss\u00e3o Fornecer ve\u00edculos com pre\u00e7os \u00f3timos e de boa proced\u00eancia. Vis\u00e3o Tornar-se referencia em compra e venda de ve\u00edculos, tornando-se conhecida pela agilidade e transpar\u00eancia nas negocia\u00e7\u00f5es. Valores Honestidade, \u00e9tica e profissionalismo.<\/p>\n","protected":false},"author":1,"featured_media":0,"parent":0,"menu_order":0,"comment_status":"closed","ping_status":"closed","template":"","meta":{"footnotes":""},"_links":{"self":[{"href":"https:\/\/autocarmulti.com.br\/index.php\/wp-json\/wp\/v2\/pages\/44"}],"collection":[{"href":"https:\/\/autocarmulti.com.br\/index.php\/wp-json\/wp\/v2\/pages"}],"about":[{"href":"https:\/\/autocarmulti.com.br\/index.php\/wp-json\/wp\/v2\/types\/page"}],"author":[{"embeddable":true,"href":"https:\/\/autocarmulti.com.br\/index.php\/wp-json\/wp\/v2\/users\/1"}],"replies":[{"embeddable":true,"href":"https:\/\/autocarmulti.com.br\/index.php\/wp-json\/wp\/v2\/comments?post=44"}],"version-history":[{"count":6,"href":"https:\/\/autocarmulti.com.br\/index.php\/wp-json\/wp\/v2\/pages\/44\/revisions"}],"predecessor-version":[{"id":105,"href":"https:\/\/autocarmulti.com.br\/index.php\/wp-json\/wp\/v2\/pages\/44\/revisions\/105"}],"wp:attachment":[{"href":"https:\/\/autocarmulti.com.br\/index.php\/wp-json\/wp\/v2\/media?parent=44"}],"curies":[{"name":"wp","href":"https:\/\/api.w.org\/{rel}","templated":true}]}}